{"id":102,"date":"2022-04-29T08:02:14","date_gmt":"2022-04-29T11:02:14","guid":{"rendered":"https:\/\/estudiodao.com\/?page_id=102"},"modified":"2023-02-01T11:38:37","modified_gmt":"2023-02-01T14:38:37","slug":"dev-recursos","status":"publish","type":"page","link":"https:\/\/estudiodao.com\/en\/dev-recursos\/","title":{"rendered":"Dev-Recursos"},"content":{"rendered":"\n<p>&gt; Recursos textuais normais<\/p>\n\n\n\n<div class=\"wp-block-columns is-layout-flex wp-container-core-columns-is-layout-28f84493 wp-block-columns-is-layout-flex\">\n<div class=\"wp-block-column is-layout-flow wp-block-column-is-layout-flow\">\n<h1 class=\"wp-block-heading\">T\u00edtulo h1<\/h1>\n\n\n\n<h2 class=\"wp-block-heading\">T\u00edtulo h2<\/h2>\n\n\n\n<h3 class=\"wp-block-heading\">T\u00edtulo h3<\/h3>\n\n\n\n<p>Na linguagem corrente, dist\u00e2ncia \u00e9 a medida da separa\u00e7\u00e3o de dois pontos. A dist\u00e2ncia entre dois pontos \u00e9 medida pelo comprimento do segmento de reta que os liga. Quando se fala na dist\u00e2ncia entre dois pontos da superf\u00edcie da Terra, ent\u00e3o a dist\u00e2ncia \u00e9 o m\u00ednimo comprimento entre as poss\u00edveis trajet\u00f3rias sobre a superf\u00edcie partindo de um ponto e atingindo o segundo (geod\u00e9sia).<\/p>\n\n\n\n<p>Em aplica\u00e7\u00f5es pr\u00e1ticas, \u00e9 comum definir a dist\u00e2ncia entre dois pontos na Terra como o comprimento da trajet\u00f3ria utilizada por determinado meio de transporte. Assim, fala-se em dist\u00e2ncia rodovi\u00e1ria, dist\u00e2ncia ferrovi\u00e1ria ou dist\u00e2ncia a\u00e9rea.<\/p>\n\n\n\n<p>A dist\u00e2ncia \u00e9 sempre uma medida positiva, excepto para pontos coincidentes e tem a propriedade de que a dist\u00e2ncia de um ponto A at\u00e9 um ponto B \u00e9 id\u00eantica \u00e0 dist\u00e2ncia do ponto B at\u00e9 o ponto A.<\/p>\n\n\n\n<p><\/p>\n<\/div>\n\n\n\n<div class=\"wp-block-column is-layout-flow wp-block-column-is-layout-flow\">\n<p>A ideia de dist\u00e2ncia entre dois pontos \u00e9 formalizada e generalizada pela <a href=\"https:\/\/pt.wikipedia.org\/wiki\/Matem%C3%A1tica\">matem\u00e1tica<\/a> atrav\u00e9s do conceito de <a href=\"https:\/\/pt.wikipedia.org\/wiki\/M%C3%A9trica_(matem%C3%A1tica)\">m\u00e9trica<\/a>. Um espa\u00e7o onde h\u00e1 uma <strong>dist\u00e2ncia<\/strong> ou <strong>m\u00e9trica<\/strong> definida \u00e9 chamado de <a href=\"https:\/\/pt.wikipedia.org\/wiki\/Espa%C3%A7o_m%C3%A9trico\">espa\u00e7o m\u00e9trico<\/a>.<\/p>\n\n\n\n<p>Mais precisamente, se S {\\displaystyle \\mathbb {S} } <img decoding=\"async\" src=\"https:\/\/wikimedia.org\/api\/rest_v1\/media\/math\/render\/svg\/9f9d5874c5d7f68eba1cec9da9ccbe53903303bb\" alt=\"\\mathbb{S}\"> \u00e9 um conjunto, uma m\u00e9trica em S {\\displaystyle \\mathbb {S} } <img decoding=\"async\" src=\"https:\/\/wikimedia.org\/api\/rest_v1\/media\/math\/render\/svg\/9f9d5874c5d7f68eba1cec9da9ccbe53903303bb\" alt=\"\\mathbb{S}\"> \u00e9 fun\u00e7\u00e3o d : S \u00d7 S \u2192 R {\\displaystyle d:\\mathbb {S} \\times \\mathbb {S} \\to \\mathbb {R} } <img decoding=\"async\" src=\"https:\/\/wikimedia.org\/api\/rest_v1\/media\/math\/render\/svg\/8afc9587fd885dc46904ff9ccdd1bdc4fb789ecf\" alt=\"d:{\\mathbb  {S}}\\times {\\mathbb  {S}}\\to {\\mathbb  {R}}\"> que associa dois elementos de um conjunto a um n\u00famero real e deve obedecer aos seguintes axiomas:<\/p>\n\n\n\n<ul class=\"wp-block-list\">\n<li>ser positivamente definida d ( x , y ) \u2265 0 {\\displaystyle d(x,y)\\geq 0\\,} <img decoding=\"async\" src=\"https:\/\/wikimedia.org\/api\/rest_v1\/media\/math\/render\/svg\/402399d976faec98272e673a6ecdbb6cdde7907c\" alt=\"d(x,y)\\geq 0\\,\"> para todos os x , y \u2208 S {\\displaystyle x,y\\in \\mathbb {S} \\,} <img decoding=\"async\" src=\"https:\/\/wikimedia.org\/api\/rest_v1\/media\/math\/render\/svg\/0395a451799024d170ac95fa7130d4a1533137a3\" alt=\"x,y\\in {\\mathbb  {S}}\\,\"><\/li>\n\n\n\n<li>ser sim\u00e9trica d ( x , y ) = d ( y , x ) {\\displaystyle d(x,y)=d(y,x)\\,} <img decoding=\"async\" src=\"https:\/\/wikimedia.org\/api\/rest_v1\/media\/math\/render\/svg\/5567121952cd4602c1851b5fe7c62f6fdb6842d2\" alt=\"d(x,y)=d(y,x)\\,\"> para todos os elementos x , y {\\displaystyle x,y\\,} <img decoding=\"async\" src=\"https:\/\/wikimedia.org\/api\/rest_v1\/media\/math\/render\/svg\/9a00142f115caa7d735392675095459a5477afe1\" alt=\"x,y\\,\"> de S {\\displaystyle \\mathbb {S} \\,} <img decoding=\"async\" src=\"https:\/\/wikimedia.org\/api\/rest_v1\/media\/math\/render\/svg\/04f5e2f89420a186badcee817729d13d6cca931f\" alt=\"{\\mathbb  {S}}\\,\"><\/li>\n\n\n\n<li>obedecer a <a href=\"https:\/\/pt.wikipedia.org\/wiki\/Desigualdade_triangular\">desigualdade triangular<\/a>. Para todos os x , y , z {\\displaystyle x,y,z\\,} <img decoding=\"async\" src=\"https:\/\/wikimedia.org\/api\/rest_v1\/media\/math\/render\/svg\/5ca2debf12f3e7d40af3096f8259efd5416fdca6\" alt=\"x,y,z\\,\"> elementos de S {\\displaystyle S} <img decoding=\"async\" src=\"https:\/\/wikimedia.org\/api\/rest_v1\/media\/math\/render\/svg\/4611d85173cd3b508e67077d4a1252c9c05abca2\" alt=\"S\">, d ( x , z ) \u2264 d ( x , y ) + d ( y , z ) {\\displaystyle d(x,z)\\leq d(x,y)+d(y,z)\\,} <img decoding=\"async\" src=\"https:\/\/wikimedia.org\/api\/rest_v1\/media\/math\/render\/svg\/c3a89b33b9e6a99aecb6a41c5b6c7b2f1efcb061\" alt=\"d(x,z)\\leq d(x,y)+d(y,z)\\,\"><\/li>\n\n\n\n<li>ser nula apenas para pontos coincidentes. d ( x , y ) = 0 \u27fa x = y {\\displaystyle d(x,y)=0\\iff x=y\\,} <img decoding=\"async\" src=\"https:\/\/wikimedia.org\/api\/rest_v1\/media\/math\/render\/svg\/298e8eb06436de5e7360f64e81bf52179e6031f4\" alt=\"d(x,y)=0\\iff x=y\\,\"><\/li>\n<\/ul>\n<\/div>\n<\/div>\n\n\n\n<hr class=\"wp-block-separator has-alpha-channel-opacity\"\/>\n\n\n\n<div class=\"wp-block-columns is-layout-flex wp-container-core-columns-is-layout-28f84493 wp-block-columns-is-layout-flex\">\n<div class=\"wp-block-column is-layout-flow wp-block-column-is-layout-flow\">\n<p>Duas colunas<\/p>\n\n\n\n<p>Na linguagem corrente, dist\u00e2ncia \u00e9 a medida da separa\u00e7\u00e3o de dois pontos. A dist\u00e2ncia entre dois pontos \u00e9 medida pelo comprimento do segmento de reta que os liga. Quando se fala na dist\u00e2ncia entre dois pontos da superf\u00edcie da Terra, ent\u00e3o a dist\u00e2ncia \u00e9 o m\u00ednimo comprimento entre as poss\u00edveis trajet\u00f3rias sobre a superf\u00edcie partindo de um ponto e atingindo o segundo (geod\u00e9sia).<\/p>\n<\/div>\n\n\n\n<div class=\"wp-block-column is-layout-flow wp-block-column-is-layout-flow\">\n<p>Duas colunas<\/p>\n\n\n\n<p>Na linguagem corrente, dist\u00e2ncia \u00e9 a medida da separa\u00e7\u00e3o de dois pontos. A dist\u00e2ncia entre dois pontos \u00e9 medida pelo comprimento do segmento de reta que os liga. Quando se fala na dist\u00e2ncia entre dois pontos da superf\u00edcie da Terra, ent\u00e3o a dist\u00e2ncia \u00e9 o m\u00ednimo comprimento entre as poss\u00edveis trajet\u00f3rias sobre a superf\u00edcie partindo de um ponto e atingindo o segundo (geod\u00e9sia).<\/p>\n<\/div>\n<\/div>\n\n\n\n<hr class=\"wp-block-separator has-alpha-channel-opacity\"\/>\n\n\n\n<div class=\"wp-block-columns is-layout-flex wp-container-core-columns-is-layout-28f84493 wp-block-columns-is-layout-flex\">\n<div class=\"wp-block-column is-layout-flow wp-block-column-is-layout-flow\">\n<p>Tr\u00eas colunas<\/p>\n\n\n\n<p>Na linguagem corrente, dist\u00e2ncia \u00e9 a medida da separa\u00e7\u00e3o de dois pontos. A dist\u00e2ncia entre dois pontos \u00e9 medida pelo comprimento do segmento de reta que os liga. Quando se fala na dist\u00e2ncia entre dois pontos da superf\u00edcie da Terra, ent\u00e3o a dist\u00e2ncia \u00e9 o m\u00ednimo comprimento entre as poss\u00edveis trajet\u00f3rias sobre a superf\u00edcie partindo de um ponto e atingindo o segundo (geod\u00e9sia).<\/p>\n<\/div>\n\n\n\n<div class=\"wp-block-column is-layout-flow wp-block-column-is-layout-flow\">\n<p>Tr\u00eas colunas<\/p>\n\n\n\n<p>Na linguagem corrente, dist\u00e2ncia \u00e9 a medida da separa\u00e7\u00e3o de dois pontos. A dist\u00e2ncia entre dois pontos \u00e9 medida pelo comprimento do segmento de reta que os liga. Quando se fala na dist\u00e2ncia entre dois pontos da superf\u00edcie da Terra, ent\u00e3o a dist\u00e2ncia \u00e9 o m\u00ednimo comprimento entre as poss\u00edveis trajet\u00f3rias sobre a superf\u00edcie partindo de um ponto e atingindo o segundo (geod\u00e9sia).<\/p>\n<\/div>\n\n\n\n<div class=\"wp-block-column is-layout-flow wp-block-column-is-layout-flow\">\n<p>Tr\u00eas colunas<\/p>\n\n\n\n<p>Na linguagem corrente, dist\u00e2ncia \u00e9 a medida da separa\u00e7\u00e3o de dois pontos. A dist\u00e2ncia entre dois pontos \u00e9 medida pelo comprimento do segmento de reta que os liga. Quando se fala na dist\u00e2ncia entre dois pontos da superf\u00edcie da Terra, ent\u00e3o a dist\u00e2ncia \u00e9 o m\u00ednimo comprimento entre as poss\u00edveis trajet\u00f3rias sobre a superf\u00edcie partindo de um ponto e atingindo o segundo (geod\u00e9sia).<\/p>\n<\/div>\n<\/div>\n\n\n\n<hr class=\"wp-block-separator has-alpha-channel-opacity\"\/>\n\n\n\n<figure class=\"wp-block-gallery has-nested-images columns-default is-cropped wp-block-gallery-1 is-layout-flex wp-block-gallery-is-layout-flex\">\n<figure class=\"wp-block-image size-large\"><img decoding=\"async\" data-id=\"113\" src=\"http:\/\/estudiodao.com\/wp-content\/uploads\/2022\/04\/2853592.png\" alt=\"\" class=\"wp-image-113\"\/><\/figure>\n\n\n\n<figure class=\"wp-block-image size-large\"><img decoding=\"async\" width=\"955\" height=\"915\" data-id=\"112\" src=\"http:\/\/estudiodao.com\/wp-content\/uploads\/2022\/04\/Processo.jpg\" alt=\"\" class=\"wp-image-112\" srcset=\"https:\/\/estudiodao.com\/wp-content\/uploads\/2022\/04\/Processo.jpg 955w, https:\/\/estudiodao.com\/wp-content\/uploads\/2022\/04\/Processo-400x383.jpg 400w, https:\/\/estudiodao.com\/wp-content\/uploads\/2022\/04\/Processo-768x736.jpg 768w\" sizes=\"(max-width: 955px) 100vw, 955px\" \/><\/figure>\n\n\n\n<figure class=\"wp-block-image size-large\"><img decoding=\"async\" width=\"1000\" height=\"1000\" data-id=\"110\" src=\"http:\/\/estudiodao.com\/wp-content\/uploads\/2022\/04\/CrescimentoExponencial-Divulgacao-Quadrado.gif\" alt=\"\" class=\"wp-image-110\"\/><\/figure>\n\n\n\n<figure class=\"wp-block-image size-large\"><img decoding=\"async\" width=\"1280\" height=\"720\" data-id=\"109\" src=\"http:\/\/estudiodao.com\/wp-content\/uploads\/2022\/04\/vlcsnap-2022-04-29-10h07m11s270.jpg\" alt=\"\" class=\"wp-image-109\" srcset=\"https:\/\/estudiodao.com\/wp-content\/uploads\/2022\/04\/vlcsnap-2022-04-29-10h07m11s270.jpg 1280w, https:\/\/estudiodao.com\/wp-content\/uploads\/2022\/04\/vlcsnap-2022-04-29-10h07m11s270-1200x675.jpg 1200w, https:\/\/estudiodao.com\/wp-content\/uploads\/2022\/04\/vlcsnap-2022-04-29-10h07m11s270-400x225.jpg 400w, https:\/\/estudiodao.com\/wp-content\/uploads\/2022\/04\/vlcsnap-2022-04-29-10h07m11s270-768x432.jpg 768w\" sizes=\"(max-width: 1280px) 100vw, 1280px\" \/><\/figure>\n\n\n\n<figure class=\"wp-block-image size-large\"><img decoding=\"async\" width=\"1920\" height=\"1080\" data-id=\"80\" src=\"http:\/\/estudiodao.com\/wp-content\/uploads\/2022\/04\/PDM-Brochura-Composicao-01-1920x1080-1.jpg\" alt=\"\" class=\"wp-image-80\" srcset=\"https:\/\/estudiodao.com\/wp-content\/uploads\/2022\/04\/PDM-Brochura-Composicao-01-1920x1080-1.jpg 1920w, https:\/\/estudiodao.com\/wp-content\/uploads\/2022\/04\/PDM-Brochura-Composicao-01-1920x1080-1-1200x675.jpg 1200w, https:\/\/estudiodao.com\/wp-content\/uploads\/2022\/04\/PDM-Brochura-Composicao-01-1920x1080-1-400x225.jpg 400w, https:\/\/estudiodao.com\/wp-content\/uploads\/2022\/04\/PDM-Brochura-Composicao-01-1920x1080-1-768x432.jpg 768w, https:\/\/estudiodao.com\/wp-content\/uploads\/2022\/04\/PDM-Brochura-Composicao-01-1920x1080-1-1536x864.jpg 1536w\" sizes=\"(max-width: 1920px) 100vw, 1920px\" \/><\/figure>\n\n\n\n<figure class=\"wp-block-image size-large\"><img decoding=\"async\" width=\"1920\" height=\"1920\" data-id=\"79\" src=\"http:\/\/estudiodao.com\/wp-content\/uploads\/2022\/04\/PDM-Folder-Composicao-02-1920x1920-1.jpg\" alt=\"\" class=\"wp-image-79\" srcset=\"https:\/\/estudiodao.com\/wp-content\/uploads\/2022\/04\/PDM-Folder-Composicao-02-1920x1920-1.jpg 1920w, https:\/\/estudiodao.com\/wp-content\/uploads\/2022\/04\/PDM-Folder-Composicao-02-1920x1920-1-1200x1200.jpg 1200w, https:\/\/estudiodao.com\/wp-content\/uploads\/2022\/04\/PDM-Folder-Composicao-02-1920x1920-1-400x400.jpg 400w, https:\/\/estudiodao.com\/wp-content\/uploads\/2022\/04\/PDM-Folder-Composicao-02-1920x1920-1-768x768.jpg 768w, https:\/\/estudiodao.com\/wp-content\/uploads\/2022\/04\/PDM-Folder-Composicao-02-1920x1920-1-1536x1536.jpg 1536w\" sizes=\"(max-width: 1920px) 100vw, 1920px\" \/><\/figure>\n\n\n\n<figure class=\"wp-block-image size-large\"><img decoding=\"async\" width=\"1920\" height=\"1080\" data-id=\"78\" src=\"http:\/\/estudiodao.com\/wp-content\/uploads\/2022\/04\/PDM-Folder-Composicao-01-1920x1080-1.jpg\" alt=\"\" class=\"wp-image-78\" srcset=\"https:\/\/estudiodao.com\/wp-content\/uploads\/2022\/04\/PDM-Folder-Composicao-01-1920x1080-1.jpg 1920w, https:\/\/estudiodao.com\/wp-content\/uploads\/2022\/04\/PDM-Folder-Composicao-01-1920x1080-1-1200x675.jpg 1200w, https:\/\/estudiodao.com\/wp-content\/uploads\/2022\/04\/PDM-Folder-Composicao-01-1920x1080-1-400x225.jpg 400w, https:\/\/estudiodao.com\/wp-content\/uploads\/2022\/04\/PDM-Folder-Composicao-01-1920x1080-1-768x432.jpg 768w, https:\/\/estudiodao.com\/wp-content\/uploads\/2022\/04\/PDM-Folder-Composicao-01-1920x1080-1-1536x864.jpg 1536w\" sizes=\"(max-width: 1920px) 100vw, 1920px\" \/><\/figure>\n\n\n\n<figure class=\"wp-block-image size-large\"><img decoding=\"async\" width=\"1920\" height=\"1080\" data-id=\"77\" src=\"http:\/\/estudiodao.com\/wp-content\/uploads\/2022\/04\/PDM-Brochura-Composicao-06-1920x1080-1.jpg\" alt=\"\" class=\"wp-image-77\" srcset=\"https:\/\/estudiodao.com\/wp-content\/uploads\/2022\/04\/PDM-Brochura-Composicao-06-1920x1080-1.jpg 1920w, https:\/\/estudiodao.com\/wp-content\/uploads\/2022\/04\/PDM-Brochura-Composicao-06-1920x1080-1-1200x675.jpg 1200w, https:\/\/estudiodao.com\/wp-content\/uploads\/2022\/04\/PDM-Brochura-Composicao-06-1920x1080-1-400x225.jpg 400w, https:\/\/estudiodao.com\/wp-content\/uploads\/2022\/04\/PDM-Brochura-Composicao-06-1920x1080-1-768x432.jpg 768w, https:\/\/estudiodao.com\/wp-content\/uploads\/2022\/04\/PDM-Brochura-Composicao-06-1920x1080-1-1536x864.jpg 1536w\" sizes=\"(max-width: 1920px) 100vw, 1920px\" \/><\/figure>\n<\/figure>\n\n\n\n<hr class=\"wp-block-separator has-alpha-channel-opacity\"\/>\n\n\n<div class=\"wp-block-html\">\n<div style=\"padding:56.25% 0 0 0;position:relative;\"><iframe src=\"https:\/\/player.vimeo.com\/video\/515795895?h=eebf2415ac&amp;autoplay=1&amp;title=0&amp;byline=0&amp;portrait=0\" style=\"position:absolute;top:0;left:0;width:100%;height:100%;\" allow=\"autoplay; fullscreen; picture-in-picture\" allowfullscreen=\"\" frameborder=\"0\"><\/iframe><\/div><script src=\"https:\/\/player.vimeo.com\/api\/player.js\"><\/script>\n<\/div>\n\n\n<hr class=\"wp-block-separator has-alpha-channel-opacity\"\/>\n\n\n\n<figure class=\"wp-block-video\"><video autoplay loop muted src=\"http:\/\/estudiodao.com\/wp-content\/uploads\/2022\/06\/Daos.mp4\"><\/video><\/figure>\n\n\n\n<hr class=\"wp-block-separator has-alpha-channel-opacity\"\/>\n\n\n\n<div class=\"wp-block-cb-carousel cb-single-slide\" data-slick=\"{&quot;slidesToShow&quot;:1,&quot;slidesToScroll&quot;:1,&quot;speed&quot;:600,&quot;arrows&quot;:false,&quot;dots&quot;:true,&quot;autoplay&quot;:true,&quot;autoplaySpeed&quot;:3000,&quot;infinite&quot;:true,&quot;responsive&quot;:[{&quot;breakpoint&quot;:769,&quot;settings&quot;:{&quot;slidesToShow&quot;:1,&quot;slidesToScroll&quot;:1}}]}\">\n<div class=\"wp-block-cb-slide\">\n<figure class=\"wp-block-image size-large\"><img decoding=\"async\" width=\"2000\" height=\"1453\" src=\"http:\/\/estudiodao.com\/wp-content\/uploads\/2022\/07\/Aquilombar-Divulgacao-Publicacao_14-2000x1453.jpg\" alt=\"\" class=\"wp-image-1601\" srcset=\"https:\/\/estudiodao.com\/wp-content\/uploads\/2022\/07\/Aquilombar-Divulgacao-Publicacao_14-2000x1453.jpg 2000w, https:\/\/estudiodao.com\/wp-content\/uploads\/2022\/07\/Aquilombar-Divulgacao-Publicacao_14-1200x872.jpg 1200w, https:\/\/estudiodao.com\/wp-content\/uploads\/2022\/07\/Aquilombar-Divulgacao-Publicacao_14-400x291.jpg 400w, https:\/\/estudiodao.com\/wp-content\/uploads\/2022\/07\/Aquilombar-Divulgacao-Publicacao_14-768x558.jpg 768w, https:\/\/estudiodao.com\/wp-content\/uploads\/2022\/07\/Aquilombar-Divulgacao-Publicacao_14-1536x1116.jpg 1536w, https:\/\/estudiodao.com\/wp-content\/uploads\/2022\/07\/Aquilombar-Divulgacao-Publicacao_14-2048x1488.jpg 2048w\" sizes=\"(max-width: 2000px) 100vw, 2000px\" \/><\/figure>\n<\/div>\n\n\n\n<div class=\"wp-block-cb-slide\">\n<figure class=\"wp-block-image size-large\"><img decoding=\"async\" width=\"2000\" height=\"1453\" src=\"http:\/\/estudiodao.com\/wp-content\/uploads\/2022\/07\/Aquilombar-Divulgacao-Publicacao_12-2000x1453.jpg\" alt=\"\" class=\"wp-image-1599\" srcset=\"https:\/\/estudiodao.com\/wp-content\/uploads\/2022\/07\/Aquilombar-Divulgacao-Publicacao_12-2000x1453.jpg 2000w, https:\/\/estudiodao.com\/wp-content\/uploads\/2022\/07\/Aquilombar-Divulgacao-Publicacao_12-1200x872.jpg 1200w, https:\/\/estudiodao.com\/wp-content\/uploads\/2022\/07\/Aquilombar-Divulgacao-Publicacao_12-400x291.jpg 400w, https:\/\/estudiodao.com\/wp-content\/uploads\/2022\/07\/Aquilombar-Divulgacao-Publicacao_12-768x558.jpg 768w, https:\/\/estudiodao.com\/wp-content\/uploads\/2022\/07\/Aquilombar-Divulgacao-Publicacao_12-1536x1116.jpg 1536w, https:\/\/estudiodao.com\/wp-content\/uploads\/2022\/07\/Aquilombar-Divulgacao-Publicacao_12-2048x1488.jpg 2048w\" sizes=\"(max-width: 2000px) 100vw, 2000px\" \/><\/figure>\n<\/div>\n\n\n\n<div class=\"wp-block-cb-slide\">\n<figure class=\"wp-block-image size-large\"><img decoding=\"async\" width=\"2000\" height=\"1453\" src=\"http:\/\/estudiodao.com\/wp-content\/uploads\/2022\/07\/Aquilombar-Divulgacao-Composicao-2000x1453.jpg\" alt=\"\" class=\"wp-image-1588\" srcset=\"https:\/\/estudiodao.com\/wp-content\/uploads\/2022\/07\/Aquilombar-Divulgacao-Composicao-2000x1453.jpg 2000w, https:\/\/estudiodao.com\/wp-content\/uploads\/2022\/07\/Aquilombar-Divulgacao-Composicao-1200x872.jpg 1200w, https:\/\/estudiodao.com\/wp-content\/uploads\/2022\/07\/Aquilombar-Divulgacao-Composicao-400x291.jpg 400w, https:\/\/estudiodao.com\/wp-content\/uploads\/2022\/07\/Aquilombar-Divulgacao-Composicao-768x558.jpg 768w, https:\/\/estudiodao.com\/wp-content\/uploads\/2022\/07\/Aquilombar-Divulgacao-Composicao-1536x1116.jpg 1536w, https:\/\/estudiodao.com\/wp-content\/uploads\/2022\/07\/Aquilombar-Divulgacao-Composicao-2048x1488.jpg 2048w\" sizes=\"(max-width: 2000px) 100vw, 2000px\" \/><\/figure>\n<\/div>\n<\/div>\n","protected":false},"excerpt":{"rendered":"<p>&gt; Recursos textuais normais T\u00edtulo h1 T\u00edtulo h2 T\u00edtulo h3 Na linguagem corrente, dist\u00e2ncia \u00e9 a medida da separa\u00e7\u00e3o de dois pontos. A dist\u00e2ncia entre dois pontos \u00e9 medida pelo comprimento do segmento de reta que os liga. Quando se fala na dist\u00e2ncia entre dois pontos da superf\u00edcie da Terra, ent\u00e3o a dist\u00e2ncia \u00e9 o [&hellip;]<\/p>\n","protected":false},"author":1,"featured_media":0,"parent":0,"menu_order":0,"comment_status":"closed","ping_status":"closed","template":"","meta":{"_acf_changed":false,"footnotes":""},"class_list":["post-102","page","type-page","status-publish","hentry"],"acf":[],"_links":{"self":[{"href":"https:\/\/estudiodao.com\/en\/wp-json\/wp\/v2\/pages\/102","targetHints":{"allow":["GET"]}}],"collection":[{"href":"https:\/\/estudiodao.com\/en\/wp-json\/wp\/v2\/pages"}],"about":[{"href":"https:\/\/estudiodao.com\/en\/wp-json\/wp\/v2\/types\/page"}],"author":[{"embeddable":true,"href":"https:\/\/estudiodao.com\/en\/wp-json\/wp\/v2\/users\/1"}],"replies":[{"embeddable":true,"href":"https:\/\/estudiodao.com\/en\/wp-json\/wp\/v2\/comments?post=102"}],"version-history":[{"count":11,"href":"https:\/\/estudiodao.com\/en\/wp-json\/wp\/v2\/pages\/102\/revisions"}],"predecessor-version":[{"id":1666,"href":"https:\/\/estudiodao.com\/en\/wp-json\/wp\/v2\/pages\/102\/revisions\/1666"}],"wp:attachment":[{"href":"https:\/\/estudiodao.com\/en\/wp-json\/wp\/v2\/media?parent=102"}],"curies":[{"name":"wp","href":"https:\/\/api.w.org\/{rel}","templated":true}]}}