{"id":6,"date":"2022-03-08T11:16:00","date_gmt":"2022-03-08T14:16:00","guid":{"rendered":"https:\/\/estudiodao.com\/?page_id=6"},"modified":"2026-03-17T10:23:33","modified_gmt":"2026-03-17T13:23:33","slug":"sobre","status":"publish","type":"page","link":"https:\/\/estudiodao.com\/en\/sobre\/","title":{"rendered":"About"},"content":{"rendered":"<div class=\"wp-block-html\">\n<video id=\"video\" style=\"width: 100%\" controls preload=\"metadata\" poster=\"https:\/\/estudiodao.com\/wp-content\/uploads\/2023\/08\/Esse-e-o-Dao.jpg\">\n  <source src=\"https:\/\/estudiodao.com\/wp-content\/uploads\/2022\/06\/Dao-DesignThinkersVancouver-v07-Optimizado.mp4\" type=\"video\/mp4\" \/>\n  <track\n    label=\"English\"\n    kind=\"subtitles\"\n    srclang=\"en\"\n    src=\"https:\/\/estudiodao.com\/wp-content\/uploads\/2023\/08\/VEED-subtitles_Dao-DesignThinkersVancouver-v07-EN.vtt\"\n    default \/>\n<\/video>\n<\/div>\n\n\n<div style=\"height:var(--wp--preset--spacing--80)\" aria-hidden=\"true\" class=\"wp-block-spacer\"><\/div>\n\n\n\n<div class=\"wp-block-columns is-layout-flex wp-container-core-columns-is-layout-28f84493 wp-block-columns-is-layout-flex\">\n<div class=\"wp-block-column is-layout-flow wp-block-column-is-layout-flow\" style=\"flex-basis:50%\">\n<h2 class=\"wp-block-heading\">Hello! We are Da\u00f3, a Brazilian design studio that unites strategy, curiosity and critical vision.<\/h2>\n<\/div>\n\n\n\n<div class=\"wp-block-column is-layout-flow wp-block-column-is-layout-flow\" style=\"flex-basis:50%\">\n<p>Founded by Giovani Castelucci and Guilherme Vieira, since 2014 we have created projects for cultural institutions, collectives, museums, publishing houses, small businesses and other companies and initiatives.<\/p>\n\n\n\n<p>We believe that our design practice is very much related to our personal interests. Usually what we are reading, watching or subjects and curiosities that we research are reflected in the results of the works we create. Carefully observing the world we live in provides a plural and multidisciplinary approach to our activity.<\/p>\n\n\n\n<p>During the research and immersion process, we like to have long conversations with those who invited us to work. This dialogue helps us understand the specifics of the project and prepare the ground for further steps. We also talk a lot among ourselves and with whom we invite to work together \u2013 we tend to do a lot of partnerships. We believe that these exchanges make ideas gain substance.<\/p>\n\n\n\n<p>We also believe in the potential of making and, as artisans, we see our tools and processes as an important part of our work. We seek to be aware of our practical choices in our professional routine, and we always share procedures, worksheets, tools and resources with other professionals.<\/p>\n\n\n\n<p>For us, design is fed by everything around us and enables us to learn and build bridges.<\/p>\n<\/div>\n<\/div>\n\n\n\n<div style=\"height:var(--wp--preset--spacing--80)\" aria-hidden=\"true\" class=\"wp-block-spacer\"><\/div>\n\n\n\n<div class=\"wp-block-columns is-layout-flex wp-container-core-columns-is-layout-28f84493 wp-block-columns-is-layout-flex\">\n<div class=\"wp-block-column is-layout-flow wp-block-column-is-layout-flow\" style=\"flex-basis:50%\">\n<figure class=\"wp-block-image size-full\"><img decoding=\"async\" width=\"1000\" height=\"1250\" src=\"https:\/\/estudiodao.com\/wp-content\/uploads\/2023\/08\/GiovaniCastelucci-2023-FotoStefanoMaccarini-1-crop.jpg\" alt=\"\" class=\"wp-image-2232\" srcset=\"https:\/\/estudiodao.com\/wp-content\/uploads\/2023\/08\/GiovaniCastelucci-2023-FotoStefanoMaccarini-1-crop.jpg 1000w, https:\/\/estudiodao.com\/wp-content\/uploads\/2023\/08\/GiovaniCastelucci-2023-FotoStefanoMaccarini-1-crop-960x1200.jpg 960w, https:\/\/estudiodao.com\/wp-content\/uploads\/2023\/08\/GiovaniCastelucci-2023-FotoStefanoMaccarini-1-crop-320x400.jpg 320w, https:\/\/estudiodao.com\/wp-content\/uploads\/2023\/08\/GiovaniCastelucci-2023-FotoStefanoMaccarini-1-crop-768x960.jpg 768w, https:\/\/estudiodao.com\/wp-content\/uploads\/2023\/08\/GiovaniCastelucci-2023-FotoStefanoMaccarini-1-crop-10x12.jpg 10w\" sizes=\"(max-width: 1000px) 100vw, 1000px\" \/><\/figure>\n\n\n\n<div style=\"height:var(--wp--preset--spacing--20)\" aria-hidden=\"true\" class=\"wp-block-spacer\"><\/div>\n\n\n\n<h4 class=\"wp-block-heading\">Giovani Castelucci<\/h4>\n\n\n\n<p>Mestrando em Design pela FAU USP e p\u00f3s-graduado em Design Gr\u00e1fico e a Cidade pela Escola da Cidade, escreve sobre criatividade e leciona gest\u00e3o financeira no contexto criativo. Natural de Ribeir\u00e3o Pires, hoje mora em S\u00e3o Paulo \u2013 onde praticamente s\u00f3 se locomove de bicicleta.<\/p>\n<\/div>\n\n\n\n<div class=\"wp-block-column is-layout-flow wp-block-column-is-layout-flow\" style=\"flex-basis:50%\">\n<figure class=\"wp-block-image size-full\"><img decoding=\"async\" width=\"1000\" height=\"1250\" src=\"https:\/\/estudiodao.com\/wp-content\/uploads\/2023\/08\/GuilhermeVieira-2023-FotoStefanoMaccarini-1_Crop.jpg\" alt=\"\" class=\"wp-image-2230\" srcset=\"https:\/\/estudiodao.com\/wp-content\/uploads\/2023\/08\/GuilhermeVieira-2023-FotoStefanoMaccarini-1_Crop.jpg 1000w, https:\/\/estudiodao.com\/wp-content\/uploads\/2023\/08\/GuilhermeVieira-2023-FotoStefanoMaccarini-1_Crop-960x1200.jpg 960w, https:\/\/estudiodao.com\/wp-content\/uploads\/2023\/08\/GuilhermeVieira-2023-FotoStefanoMaccarini-1_Crop-320x400.jpg 320w, https:\/\/estudiodao.com\/wp-content\/uploads\/2023\/08\/GuilhermeVieira-2023-FotoStefanoMaccarini-1_Crop-768x960.jpg 768w, https:\/\/estudiodao.com\/wp-content\/uploads\/2023\/08\/GuilhermeVieira-2023-FotoStefanoMaccarini-1_Crop-10x12.jpg 10w\" sizes=\"(max-width: 1000px) 100vw, 1000px\" \/><\/figure>\n\n\n\n<div style=\"height:var(--wp--preset--spacing--20)\" aria-hidden=\"true\" class=\"wp-block-spacer\"><\/div>\n\n\n\n<h4 class=\"wp-block-heading\">Guilherme Vieira<\/h4>\n\n\n\n<p>Technician in Graphic Arts and Bachelor in Graphic Design with emphasis in Typography, he is a designer and graphic and computational artist. In his personal work he explores the aesthetic possibilities of the intersection of digital and analogue tools.<\/p>\n<\/div>\n<\/div>\n\n\n\n<div style=\"height:81px\" aria-hidden=\"true\" class=\"wp-block-spacer\"><\/div>\n\n\n\n<div class=\"wp-block-columns is-layout-flex wp-container-core-columns-is-layout-28f84493 wp-block-columns-is-layout-flex\">\n<div class=\"wp-block-column is-layout-flow wp-block-column-is-layout-flow\">\n<h2 class=\"wp-block-heading\" id=\"colaboradores\">Already collaborated with us<\/h2>\n<\/div>\n\n\n\n<div class=\"wp-block-column is-layout-flow wp-block-column-is-layout-flow\">\n<p>Alcides Rodrigues, Amanda Lobos, Amanda Piva, Ana David, Andrea Kulpas, Andressa Dantas, Brunno Felype, Bruno Brito, Calu\u00e3 Pataca, Camila Catto, Carolina Carrillo, Dandara Lima, Dani Castelucci, danirampe, Dnego Justino, Elisa Pess\u00f4a, Felipe de Oliveira, Felipe Vieira, Fernanda Peralta, Fernando Eduardo, Flora Milanez, Gabriel Finotti, Gabriela Momberg, Gabriela Pires, Giovana Tak, Giulia Fagundes (2017\u20142021), Guilherme Picchetti, Henrique Vieira, Isaac Neto, Jo\u00e3o Livra, Juh Barbosa, J\u00falia Fran\u00e7a, Juliana Briani, Kel, Lari Constantino, Laryssa Ramos, Linus Vieira Tsai, Luis Matuto, Luiza Maximo, Maria Cau Levy, Mariana Abasolo, Milena Nallin, Naira Mattia, Paty Wolff, Pedro Veneziano, Raimundo Britto, Raquel Santos, Regys Lima, Ricardo Lisboa, Rodrigo Corr\u00eaa, Stefano Maccarini, Tain\u00e1 Sim\u00f5es, Thabata Arruda, Thain\u00e1 Miguel, Thaise Amorim, Tiago Ara\u00fajo, Valqu\u00edria Palma, V\u00e2nia Medeiros e Warren Tandy.<\/p>\n<\/div>\n<\/div>\n\n\n\n<div style=\"height:var(--wp--preset--spacing--80)\" aria-hidden=\"true\" class=\"wp-block-spacer\"><\/div>\n\n\n\n<div class=\"wp-block-columns is-layout-flex wp-container-core-columns-is-layout-28f84493 wp-block-columns-is-layout-flex\">\n<div class=\"wp-block-column is-layout-flow wp-block-column-is-layout-flow\">\n<h2 class=\"wp-block-heading\" id=\"oficinas-palestras\">Workshops and lectures<\/h2>\n<\/div>\n\n\n\n<div class=\"wp-block-column is-layout-flow wp-block-column-is-layout-flow\">\n<p>Disciplina \u201cExpress\u00e3o Multim\u00eddia\u201d na \u00c9cole Intuit Lab<br>2025<\/p>\n\n\n\n<p>Oficina \u201cCartazes Prescritos\u201d no Sesc Birigui<br>2024<\/p>\n\n\n\n<p>Palestra \u201cAl\u00e9m do design: o que orbita a nossa pr\u00e1tica\u201d no curso Decodificando Identidades ministrado por Giulia Fagundes na Aprender Design<br>2024<\/p>\n\n\n\n<p>Oficina \u201cBauhaus e o design de cartaz\u201d no Museu da Imigra\u00e7\u00e3o<br>2024<\/p>\n\n\n\n<p>Oficina \u201cCartazes Prescritos\u201d no est\u00fadio Da\u00f3<br>2024<\/p>\n\n\n\n<p>Visita aberta no Da\u00f3<br>2024<\/p>\n\n\n\n<p>Palestra \u201cAl\u00e9m do design: o que orbita a nossa pr\u00e1tica\u201d no Senac S\u00e3o Paulo<br>2024<\/p>\n\n\n\n<p><a href=\"https:\/\/www.instagram.com\/p\/C0jx3d_OsG4\" target=\"_blank\" rel=\"noreferrer noopener\">Oficina \u201cCartazes Prescritos\u201d na SupLab (RJ)<\/a><br>2023<\/p>\n\n\n\n<p><a href=\"https:\/\/www.instagram.com\/p\/CzetHNLvbPL\/\" target=\"_blank\" rel=\"noreferrer noopener\">Oficina \u201cCartazes Prescritos\u201d para designers do Sesc S\u00e3o Paulo<\/a><br>2023<\/p>\n\n\n\n<p><a href=\"https:\/\/www.instagram.com\/p\/CyMEvhlPWy8\/\">Oficina \u201cCartazes Prescritos\u201d no est\u00fadio Da\u00f3<\/a><br>2023<\/p>\n\n\n\n<p>Visita aberta no Da\u00f3<br>2023<\/p>\n\n\n\n<p>Palestra na ETEC Jos\u00e9 Rocha Mendes<br>2023<\/p>\n\n\n\n<p>Palestra \u201cDesign para Exposi\u00e7\u00f5es\u201d no curso de design da FAU-USP<br>2023<br><br><a href=\"https:\/\/www.youtube.com\/watch?v=PLNY6mZdVFg\">Palestra \u201cDesign e Processos de Cria\u00e7\u00e3o\u201d no XVI Encontro de Comunica\u00e7\u00e3o e Letras do Mackenzie<\/a><br>2021<br><br><a href=\"https:\/\/www.youtube.com\/watch?v=KD6DlULRKtU\">Open conversation at UniFil's Expanded Graphic Design Week<\/a><br>2020<\/p>\n\n\n\n<p><a href=\"https:\/\/etc.estudiodao.com\/cartazesprescritos\/CP-Publica%C3%A7%C3%A3o.pdf\">Oficina \u201cCartazes Prescritos\u201d no Sesc Santana<\/a><br>2020<\/p>\n\n\n\n<p>Oficina &#8220;Cartazes Prescritos&#8221; na ETEC Jos\u00e9 Rocha Mendes<br>2020<\/p>\n\n\n\n<p><a href=\"https:\/\/espaco.cc\/dao\">Portfolio review at Espa\u00e7o.cc<\/a><br>2020<br><br><a href=\"https:\/\/www.instagram.com\/p\/B1PblfDnQd_\/\">Workshop \u201cPrescribed Posters\u201d at the event Desenha 1<\/a><br>2019<\/p>\n\n\n\n<p><a href=\"https:\/\/www.instagram.com\/p\/B1PblfDnQd_\/\">Conference \u201cCreative Economy: challenges and practices\u201d at the Desenha 1 event<\/a><br>2019<\/p>\n\n\n\n<p>Chat and work review at EBAC<br>2019<\/p>\n\n\n\n<p>Lecture at ETEC Carlos de Campos<br>2019<br><br><a href=\"https:\/\/www.youtube.com\/watch?v=jh_dltr476Y&amp;t=1995s\">Lecture \u201cTypography as a means to explore ideas\u201d at DiaTipo S\u00e3o Paulo<\/a> <br>2018<\/p>\n\n\n\n<p><a href=\"https:\/\/www.instagram.com\/p\/BrNQhe2n0_K\/\">Workshop \u201cPrescribed Posters\u201d at Senac Inspira event<\/a><br>2018<\/p>\n\n\n\n<p><a href=\"https:\/\/www.sympla.com.br\/duas-colheres---giovani-castelucci-e-guilherme-vieira-estudio-daosp__392083\">Bate papo no evento \u201cDuas colheres\u201d<\/a><br>2018<br><br>Lecture \u201cProjects and Processes\u201d at Mackenzie\u2019s XV Viver Metr\u00f3pole Week<br>2017<br><br>Lecture at ETEC Carapicu\u00edba<br>2016<\/p>\n<\/div>\n<\/div>\n\n\n\n<div style=\"height:var(--wp--preset--spacing--80)\" aria-hidden=\"true\" class=\"wp-block-spacer\"><\/div>\n\n\n\n<div class=\"wp-block-columns is-layout-flex wp-container-core-columns-is-layout-28f84493 wp-block-columns-is-layout-flex\">\n<div class=\"wp-block-column is-layout-flow wp-block-column-is-layout-flow\">\n<h2 class=\"wp-block-heading\" id=\"premios-publicacoes\">Awards and publications<\/h2>\n<\/div>\n\n\n\n<div class=\"wp-block-column is-layout-flow wp-block-column-is-layout-flow\">\n<p><a href=\"https:\/\/www.bienaladg.org.br\/shortlist\" data-type=\"link\" data-id=\"https:\/\/www.bienaladg.org.br\/shortlist\" target=\"_blank\" rel=\"noreferrer noopener\">8 projetos selecionados (e um destaque) na 14\u00aa Bienal Brasileira de Design Gr\u00e1fico da ADG<\/a><br>2024<\/p>\n\n\n\n<p><a href=\"https:\/\/revistarecorte.com.br\/artigos\/a-minha-inquietacao-com-a-palavra-referencia\/\" target=\"_blank\" rel=\"noreferrer noopener\">A minha inquieta\u00e7\u00e3o com a palavra \u201crefer\u00eancia\u201d<\/a>, texto de Giovani para revista Recorte<br>2023<\/p>\n\n\n\n<p><a href=\"https:\/\/revistarecorte.com.br\/artigos\/ferramentas-e-processos-expandindo-possibilidades\/\" target=\"_blank\" rel=\"noreferrer noopener\">Ferramentas e processos: expandindo possibilidades<\/a>, texto de Guilherme para revista Recorte<br>2022<\/p>\n\n\n\n<p><a href=\"https:\/\/shop.idnworld.com\/product\/v28n1\">Interview for IdN v28n1: Pattern Making &amp; Design magazine<\/a><br>2022<\/p>\n\n\n\n<p><a href=\"https:\/\/revistarecorte.com.br\/artigos\/o-processo-criativo-enquanto-travessia\/\" target=\"_blank\" rel=\"noreferrer noopener\">O processo criativo enquanto travessia<\/a>, texto de Giovani para revista Recorte<br>2021<\/p>\n\n\n\n<p><a href=\"https:\/\/revistarecorte.com.br\/artigos\/o-banho-de-sessenta-horas\/\" data-type=\"link\" data-id=\"https:\/\/revistarecorte.com.br\/artigos\/o-banho-de-sessenta-horas\/\" target=\"_blank\" rel=\"noreferrer noopener\">O banho de sessenta horas<\/a>, texto de Giovani para revista Recorte<br>2021<\/p>\n\n\n\n<p><a href=\"https:\/\/the-brandidentity.com\/project\/sometimes-always-estudio-dao-combine-boldly-brand-los-angelian-book-store-reparations-club\">Published project on the website The Brand Identity<\/a><br>2021<\/p>\n\n\n\n<p><a href=\"https:\/\/www.instagram.com\/p\/CAbAUKBnDx5\/\">Honorable mention in the 34th Poster Contest of the MCB \u2013 Museu da Casa Brasileira Design Award<\/a><br>2020<\/p>\n\n\n\n<p><a href=\"https:\/\/www.instagram.com\/stories\/highlights\/17880703489610527\/\">Sharing references at Bonde<\/a><br>2020<\/p>\n\n\n\n<p><a href=\"https:\/\/awards.latinamericandesign.org\/ganadores-profesionales-2019\/\">2 silver medals at LAD \u2013 Latin American Design Awards<br><\/a>2019<\/p>\n\n\n\n<p><a href=\"https:\/\/bienaladg.org.br\/selecionados#destaques\">2 selected projects (and 1 highlight) at 13th Brazilian Graphic Design Bienal from ADG<\/a><br>2019<\/p>\n\n\n\n<p><a href=\"https:\/\/www.instagram.com\/p\/B1gkh9Uptqz\/\">Participation at the exhibition \u201cA for\u00e7a da express\u00e3o criativa na cidade de S\u00e3o Paulo\u201d<\/a><br>2019<\/p>\n\n\n\n<p><a href=\"https:\/\/creative.doc.cc\/entrevistas\/estudio-dao\">Interview for Creative Doc<\/a><br>2019<\/p>\n\n\n\n<p><a href=\"https:\/\/awards.latinamericandesign.org\/projects\/44o-festival-sesc-melhores-filmes\/ganadores\/\">Bronze medal at LAD \u2013 Latin American Design Awards<\/a><br>2018<\/p>\n\n\n\n<p><a href=\"http:\/\/brasildesignaward.com.br\/wp-content\/uploads\/2022\/06\/BDA18-Catalogo_digital.pdf\">Bronze medal at BDA \u2013 Brasil Design Award<\/a><br>2018<\/p>\n\n\n\n<p><a href=\"https:\/\/www.youtube.com\/watch?v=nHzvqK2kOuE\">Interview for UZWELA<\/a><br>2018<\/p>\n\n\n\n<p><a href=\"http:\/\/12.bienaladg.org.br\/selecionados\/cartaz-ii-fime\">Selected project at 12th Brazilian Graphic Design Bienal from ADG<\/a><br>2017<\/p>\n\n\n\n<p><a href=\"https:\/\/www.instagram.com\/p\/BhmsjLkhKmh\/\">Participation at the exhibition \u201cUm Cartaz para S\u00e3o Paulo\u201d<\/a><br>2016<\/p>\n<\/div>\n<\/div>\n\n\n\n<div style=\"height:var(--wp--preset--spacing--80)\" aria-hidden=\"true\" class=\"wp-block-spacer\"><\/div>\n\n\n\n<div class=\"wp-block-columns is-layout-flex wp-container-core-columns-is-layout-28f84493 wp-block-columns-is-layout-flex\">\n<div class=\"wp-block-column is-layout-flow wp-block-column-is-layout-flow\" style=\"flex-basis:50%\">\n<h2 class=\"wp-block-heading\">Clients<\/h2>\n<\/div>\n\n\n\n<div class=\"wp-block-column is-layout-flow wp-block-column-is-layout-flow\" style=\"flex-basis:50%\"><ul class=\"terms-list\"><li class=\"terms-list-item\">A Espiral de Bukowski, <\/li><li class=\"terms-list-item\">Acho Imagens, <\/li><li class=\"terms-list-item\">Alessandra Mitteldorf, <\/li><li class=\"terms-list-item\"><a href=\"https:\/\/estudiodao.com\/en\/trabalhos\/agora-veja-entao\/\">Alfaguara<\/a>, <\/li><li class=\"terms-list-item\">AmeDesign, <\/li><li class=\"terms-list-item\">Apear, <\/li><li class=\"terms-list-item\"><a href=\"https:\/\/estudiodao.com\/en\/trabalhos\/arado\/\">Arado<\/a>, <\/li><li class=\"terms-list-item\">Arq.Futuro, <\/li><li class=\"terms-list-item\"><a href=\"https:\/\/estudiodao.com\/en\/trabalhos\/jacobin-brasil-edicao-6\/\">Autonomia Liter\u00e1ria<\/a>, <\/li><li class=\"terms-list-item\">Banca Carrocinha, <\/li><li class=\"terms-list-item\">Beyond, <\/li><li class=\"terms-list-item\">BioGrafia, <\/li><li class=\"terms-list-item\">blastU, <\/li><li class=\"terms-list-item\">Brain Squad, <\/li><li class=\"terms-list-item\">Brooklin Coletivo, <\/li><li class=\"terms-list-item\">Brunno Felype Sim\u00f5es Costa, <\/li><li class=\"terms-list-item\">Caminho do Queijo Paulista, <\/li><li class=\"terms-list-item\"><a href=\"https:\/\/estudiodao.com\/en\/works_clients\/carambaia\/\">Carambaia<\/a>, <\/li><li class=\"terms-list-item\"><a href=\"https:\/\/estudiodao.com\/en\/works_clients\/casa-da-imagem\/\">Casa da Imagem<\/a>, <\/li><li class=\"terms-list-item\"><a href=\"https:\/\/estudiodao.com\/en\/trabalhos\/cedra-centro-de-estudos-e-dados-sobre-desigualdades-raciais\/\">CEDRA<\/a>, <\/li><li class=\"terms-list-item\"><a href=\"https:\/\/estudiodao.com\/en\/trabalhos\/o-museu-do-folclore-de-sao-jose-dos-campos\/\">Centro de Estudos da Cultura Popular (CECP)<\/a>, <\/li><li class=\"terms-list-item\">Cerveja Com Voc\u00ea, <\/li><li class=\"terms-list-item\">Chocolate Notebooks, <\/li><li class=\"terms-list-item\"><a href=\"https:\/\/estudiodao.com\/en\/trabalhos\/44o-festival-sesc-melhores-filmes\/\">CineSesc<\/a>, <\/li><li class=\"terms-list-item\">Coletividad, <\/li><li class=\"terms-list-item\">Coletivo Amarelo, <\/li><li class=\"terms-list-item\"><a href=\"https:\/\/estudiodao.com\/en\/works_clients\/companhia-das-letras\/\">Companhia das Letras<\/a>, <\/li><li class=\"terms-list-item\"><a href=\"https:\/\/estudiodao.com\/en\/works_clients\/contracorrente\/\">Contracorrente<\/a>, <\/li><li class=\"terms-list-item\">Conversas para um Desenho de Sociedade, <\/li><li class=\"terms-list-item\">Courb, <\/li><li class=\"terms-list-item\">DiaTipo S\u00e3o Paulo, <\/li><li class=\"terms-list-item\">Dublab, <\/li><li class=\"terms-list-item\"><a href=\"https:\/\/estudiodao.com\/en\/works_clients\/edicoes-sesc\/\">Edi\u00e7\u00f5es Sesc<\/a>, <\/li><li class=\"terms-list-item\"><a href=\"https:\/\/estudiodao.com\/en\/trabalhos\/vidasnegrasimportam-e-libertacao-negra\/\">Editora Elefante<\/a>, <\/li><li class=\"terms-list-item\">Editora Funilaria, <\/li><li class=\"terms-list-item\"><a href=\"https:\/\/estudiodao.com\/en\/works_clients\/editora-planeta\/\">Editora Planeta<\/a>, <\/li><li class=\"terms-list-item\">Entre Comunica\u00e7\u00e3o, <\/li><li class=\"terms-list-item\">Escamilla, <\/li><li class=\"terms-list-item\">Exame, <\/li><li class=\"terms-list-item\">Feira Naturebas, <\/li><li class=\"terms-list-item\">Fernando Eduardo, <\/li><li class=\"terms-list-item\">Fita Crepe, <\/li><li class=\"terms-list-item\">Flipside, <\/li><li class=\"terms-list-item\">Flow Impact, <\/li><li class=\"terms-list-item\">Fot\u00f4 Editorial, <\/li><li class=\"terms-list-item\">Front in Sampa, <\/li><li class=\"terms-list-item\">FTD Editora, <\/li><li class=\"terms-list-item\">Globo, <\/li><li class=\"terms-list-item\">Grano Allegro, <\/li><li class=\"terms-list-item\">Gympass, <\/li><li class=\"terms-list-item\"><a href=\"https:\/\/estudiodao.com\/en\/works_clients\/harper-collins\/\">Harper Collins<\/a>, <\/li><li class=\"terms-list-item\">Humana Sustent\u00e1vel, <\/li><li class=\"terms-list-item\"><a href=\"https:\/\/estudiodao.com\/en\/works_clients\/ibrasotope\/\">Ibrasotope<\/a>, <\/li><li class=\"terms-list-item\"><a href=\"https:\/\/estudiodao.com\/en\/works_clients\/ims-instituto-moreira-salles\/\">IMS \u2013 Instituto Moreira Salles<\/a>, <\/li><li class=\"terms-list-item\">Instituto Caminhabilidade, <\/li><li class=\"terms-list-item\">Instituto Tambor, <\/li><li class=\"terms-list-item\">Isabela Yu, <\/li><li class=\"terms-list-item\"><a href=\"https:\/\/estudiodao.com\/en\/trabalhos\/a-mulher-que-pariu-um-peixe-e-outros-contos-fantasticos-de-severa-rosa\/\">Janda\u00edra<\/a>, <\/li><li class=\"terms-list-item\">M\u00e3e&amp;Mais, <\/li><li class=\"terms-list-item\"><a href=\"https:\/\/estudiodao.com\/en\/trabalhos\/fractais-contra-diasporas-da-cidade\/\">MAM Rio<\/a>, <\/li><li class=\"terms-list-item\"><a href=\"https:\/\/estudiodao.com\/en\/trabalhos\/carolina-maria-de-jesus-um-brasil-para-brasileiros\/\">MAR \u2013 Museu de Arte do Rio<\/a>, <\/li><li class=\"terms-list-item\">Max Idiomas, <\/li><li class=\"terms-list-item\"><a href=\"https:\/\/estudiodao.com\/en\/trabalhos\/meu-cabelo-natural\/\">Meu Cabelo Natural<\/a>, <\/li><li class=\"terms-list-item\">Milena Nallin, <\/li><li class=\"terms-list-item\"><a href=\"https:\/\/estudiodao.com\/en\/trabalhos\/escrevivencia-a-escrita-de-nos\/\">Mina Comunica\u00e7\u00e3o e Arte<\/a>, <\/li><li class=\"terms-list-item\">Moringa, <\/li><li class=\"terms-list-item\">Motim, <\/li><li class=\"terms-list-item\"><a href=\"https:\/\/estudiodao.com\/en\/works_clients\/museu-da-cidade-de-sao-paulo\/\">Museu da Cidade de S\u00e3o Paulo<\/a>, <\/li><li class=\"terms-list-item\">Museu da Imigra\u00e7\u00e3o do Estado de S\u00e3o Paulo, <\/li><li class=\"terms-list-item\"><a href=\"https:\/\/estudiodao.com\/en\/trabalhos\/o-museu-do-folclore-de-sao-jose-dos-campos\/\">Museu do Folclore de S\u00e3o Jos\u00e9 dos Campos<\/a>, <\/li><li class=\"terms-list-item\">Museu Judaico de S\u00e3o Paulo, <\/li><li class=\"terms-list-item\">NAU Interativa, <\/li><li class=\"terms-list-item\"><a href=\"https:\/\/estudiodao.com\/en\/trabalhos\/niua-ceramica-feita-a-mao\/\">Niu\u00e1<\/a>, <\/li><li class=\"terms-list-item\">Olabi, <\/li><li class=\"terms-list-item\">Panorama da Luteria Experimental, <\/li><li class=\"terms-list-item\">P\u00e9 de Feij\u00e3o, <\/li><li class=\"terms-list-item\">P\u00e9 do Morro, <\/li><li class=\"terms-list-item\"><a href=\"https:\/\/estudiodao.com\/en\/trabalhos\/oriana\/\">Piv\u00f4<\/a>, <\/li><li class=\"terms-list-item\">Prefeitura Municipal de S\u00e3o Paulo, <\/li><li class=\"terms-list-item\">Raquel Santos, <\/li><li class=\"terms-list-item\"><a href=\"https:\/\/estudiodao.com\/en\/trabalhos\/reparations-club\/\">Reparations Club<\/a>, <\/li><li class=\"terms-list-item\">Rever, <\/li><li class=\"terms-list-item\"><a href=\"https:\/\/estudiodao.com\/en\/trabalhos\/9a-bolsa-de-fotografia-zum-ims\/\">Revista ZUM<\/a>, <\/li><li class=\"terms-list-item\">SampaP\u00e9, <\/li><li class=\"terms-list-item\">Senac, <\/li><li class=\"terms-list-item\">Senai, <\/li><li class=\"terms-list-item\">Senai-SP Editora, <\/li><li class=\"terms-list-item\"><a href=\"https:\/\/estudiodao.com\/en\/works_clients\/sesc\/\">Sesc<\/a>, <\/li><li class=\"terms-list-item\"><a href=\"https:\/\/estudiodao.com\/en\/trabalhos\/outros-navios-fotografias-de-eustaquio-neves\/\">Sesc Ipiranga<\/a>, <\/li><li class=\"terms-list-item\"><a href=\"https:\/\/estudiodao.com\/en\/works_clients\/sesc-pompeia\/\">Sesc Pompeia<\/a>, <\/li><li class=\"terms-list-item\"><a href=\"https:\/\/estudiodao.com\/en\/works_clients\/sesc-rio-preto\/\">Sesc Rio Preto<\/a>, <\/li><li class=\"terms-list-item\"><a href=\"https:\/\/estudiodao.com\/en\/trabalhos\/carolina-maria-de-jesus-um-brasil-para-brasileiros\/\">Sesc Sorocaba<\/a>, <\/li><li class=\"terms-list-item\"><a href=\"https:\/\/estudiodao.com\/en\/works_clients\/sesc-vila-mariana\/\">Sesc Vila Mariana<\/a>, <\/li><li class=\"terms-list-item\">Sesi-SP Editora, <\/li><li class=\"terms-list-item\">Sobrinho, <\/li><li class=\"terms-list-item\"><a href=\"https:\/\/estudiodao.com\/en\/works_clients\/solar-da-marquesa-de-santos\/\">Solar da Marquesa de Santos<\/a>, <\/li><li class=\"terms-list-item\">Stefano Maccarini, <\/li><li class=\"terms-list-item\">Subte, <\/li><li class=\"terms-list-item\">TAG Livros, <\/li><li class=\"terms-list-item\">Todavia, <\/li><li class=\"terms-list-item\"><a href=\"https:\/\/estudiodao.com\/en\/trabalhos\/touch-grass-yoga\/\">Touch Grass Yoga<\/a>, <\/li><li class=\"terms-list-item\">Valongo, <\/li><li class=\"terms-list-item\">Vibes, <\/li><li class=\"terms-list-item\">Vosso, <\/li><li class=\"terms-list-item\">WorldSkills, <\/li><li class=\"terms-list-item\">WRI Brasil, <\/li><li class=\"terms-list-item\"><a href=\"https:\/\/estudiodao.com\/en\/trabalhos\/youtube-music-black-music-month-2022\/\">YouTube Music<\/a>, <\/li><li class=\"terms-list-item\"><a href=\"https:\/\/estudiodao.com\/en\/works_clients\/zahar\/\">Zahar<\/a><\/li><\/ul>\n<\/div>\n<\/div>\n\n\n\n<div style=\"height:var(--wp--preset--spacing--80)\" aria-hidden=\"true\" class=\"wp-block-spacer\"><\/div>\n\n\n\n<div class=\"wp-block-columns is-layout-flex wp-container-core-columns-is-layout-28f84493 wp-block-columns-is-layout-flex\">\n<div class=\"wp-block-column is-layout-flow wp-block-column-is-layout-flow\">\n<h2 class=\"wp-block-heading\">Colophon<\/h2>\n<\/div>\n\n\n\n<div class=\"wp-block-column is-layout-flow wp-block-column-is-layout-flow\">\n<p>This website was built on <a href=\"https:\/\/wordpress.org\/\">WordPress<\/a> e publicado em 16\/08\/2023. A \u00faltima atualiza\u00e7\u00e3o foi em 07\/04\/26. Os retratos do est\u00fadio s\u00e3o de <a href=\"https:\/\/tefo.press\/\">Stefano Maccarini<\/a> (project photos are credited on their respective pages). The texts were translated into English by <a href=\"https:\/\/uk.linkedin.com\/in\/danicastelucci\">Dani Castelucci<\/a> and <a href=\"https:\/\/www.instagram.com\/art_of_a_chaotic_mind\/\">Warren Tandy<\/a>. The typeface used is <a href=\"https:\/\/inaritype.com\/\">Mori<\/a>.<\/p>\n<\/div>\n<\/div>\n\n\n\n<p><\/p>","protected":false},"excerpt":{"rendered":"<p>Ol\u00e1! N\u00f3s somos o Da\u00f3, est\u00fadio brasileiro de design que une estrat\u00e9gia, curiosidade e vis\u00e3o cr\u00edtica. Fundado por Giovani Castelucci e Guilherme Vieira, desde 2014 criamos projetos para institui\u00e7\u00f5es culturais, coletivos, museus, editoras, pequenos neg\u00f3cios e demais empresas e iniciativas. Acreditamos que nossa pr\u00e1tica de design est\u00e1 muito relacionada aos nossos interesses pessoais. Geralmente o [&hellip;]<\/p>\n","protected":false},"author":1,"featured_media":0,"parent":0,"menu_order":0,"comment_status":"closed","ping_status":"closed","template":"","meta":{"_acf_changed":false,"footnotes":""},"class_list":["post-6","page","type-page","status-publish","hentry"],"acf":[],"_links":{"self":[{"href":"https:\/\/estudiodao.com\/en\/wp-json\/wp\/v2\/pages\/6","targetHints":{"allow":["GET"]}}],"collection":[{"href":"https:\/\/estudiodao.com\/en\/wp-json\/wp\/v2\/pages"}],"about":[{"href":"https:\/\/estudiodao.com\/en\/wp-json\/wp\/v2\/types\/page"}],"author":[{"embeddable":true,"href":"https:\/\/estudiodao.com\/en\/wp-json\/wp\/v2\/users\/1"}],"replies":[{"embeddable":true,"href":"https:\/\/estudiodao.com\/en\/wp-json\/wp\/v2\/comments?post=6"}],"version-history":[{"count":84,"href":"https:\/\/estudiodao.com\/en\/wp-json\/wp\/v2\/pages\/6\/revisions"}],"predecessor-version":[{"id":3619,"href":"https:\/\/estudiodao.com\/en\/wp-json\/wp\/v2\/pages\/6\/revisions\/3619"}],"wp:attachment":[{"href":"https:\/\/estudiodao.com\/en\/wp-json\/wp\/v2\/media?parent=6"}],"curies":[{"name":"wp","href":"https:\/\/api.w.org\/{rel}","templated":true}]}}