{"id":9,"date":"2022-03-08T11:16:22","date_gmt":"2022-03-08T14:16:22","guid":{"rendered":"https:\/\/estudiodao.com\/?page_id=9"},"modified":"2023-08-16T08:17:05","modified_gmt":"2023-08-16T11:17:05","slug":"contato","status":"publish","type":"page","link":"https:\/\/estudiodao.com\/en\/contato\/","title":{"rendered":"contact"},"content":{"rendered":"<div style=\"height:50px\" aria-hidden=\"true\" class=\"wp-block-spacer\"><\/div>\n\n\n\n<div class=\"wp-block-columns is-layout-flex wp-container-core-columns-is-layout-28f84493 wp-block-columns-is-layout-flex\">\n<div class=\"wp-block-column is-layout-flow wp-block-column-is-layout-flow\" style=\"flex-basis:50%\">\n<h2 class=\"wp-block-heading\">Let's grab a coffee and find out what we can create together!<\/h2>\n<\/div>\n\n\n\n<div class=\"wp-block-column is-layout-flow wp-block-column-is-layout-flow\" style=\"flex-basis:25%\">\n<div class=\"wp-block-buttons is-layout-flex wp-block-buttons-is-layout-flex\">\n<div class=\"wp-block-button\"><a class=\"btn wp-element-button\" href=\"mailto:oi@estudiodao.com\">oi@estudiodao.com<\/a><\/div>\n<\/div>\n\n\n\n<div class=\"wp-block-buttons is-layout-flex wp-block-buttons-is-layout-flex\">\n<div class=\"wp-block-button\"><a class=\"btn wp-element-button\" href=\"https:\/\/www.linkedin.com\/company\/da%C3%B3\" target=\"_blank\" rel=\"noreferrer noopener\">LinkedIn<\/a><\/div>\n<\/div>\n\n\n\n<div class=\"wp-block-buttons is-layout-flex wp-block-buttons-is-layout-flex\">\n<div class=\"wp-block-button\"><a class=\"btn wp-element-button\" href=\"https:\/\/www.instagram.com\/estudiodao\/\" target=\"_blank\" rel=\"noreferrer noopener\">Instagram<\/a><\/div>\n<\/div>\n<\/div>\n\n\n\n<div class=\"wp-block-column is-layout-flow wp-block-column-is-layout-flow\" style=\"flex-basis:25%\">\n<p><strong>Galeria Calif\u00f3rnia<\/strong><br>Rua Bar\u00e3o de Itapetininga, 255<br>Sala 803 \u2013&nbsp;Rep\u00fablica<br>S\u00e3o Paulo \u2013 SP<br>CEP 01042-917<\/p>\n<\/div>\n<\/div>\n\n\n<div class=\"wp-block-html\">\n<style>\n#contato-map { height: 500px; }\n<\/style>\n <div class=\"mapa\"><div id=\"contato-map\"><\/div><\/div>\n<\/div>\n\n\n<div style=\"height:50px\" aria-hidden=\"true\" class=\"wp-block-spacer\"><\/div>\n\n\n\n<figure class=\"wp-block-image size-full\"><img decoding=\"async\" width=\"2000\" height=\"2996\" src=\"https:\/\/estudiodao.com\/wp-content\/uploads\/2023\/08\/Dao-2023-FotoStefanoMaccarini-11-Baixa.jpg\" alt=\"\" class=\"wp-image-2457\" srcset=\"https:\/\/estudiodao.com\/wp-content\/uploads\/2023\/08\/Dao-2023-FotoStefanoMaccarini-11-Baixa.jpg 2000w, https:\/\/estudiodao.com\/wp-content\/uploads\/2023\/08\/Dao-2023-FotoStefanoMaccarini-11-Baixa-801x1200.jpg 801w, https:\/\/estudiodao.com\/wp-content\/uploads\/2023\/08\/Dao-2023-FotoStefanoMaccarini-11-Baixa-267x400.jpg 267w, https:\/\/estudiodao.com\/wp-content\/uploads\/2023\/08\/Dao-2023-FotoStefanoMaccarini-11-Baixa-768x1150.jpg 768w, https:\/\/estudiodao.com\/wp-content\/uploads\/2023\/08\/Dao-2023-FotoStefanoMaccarini-11-Baixa-1025x1536.jpg 1025w, https:\/\/estudiodao.com\/wp-content\/uploads\/2023\/08\/Dao-2023-FotoStefanoMaccarini-11-Baixa-1367x2048.jpg 1367w, https:\/\/estudiodao.com\/wp-content\/uploads\/2023\/08\/Dao-2023-FotoStefanoMaccarini-11-Baixa-8x12.jpg 8w\" sizes=\"(max-width: 2000px) 100vw, 2000px\" \/><\/figure>","protected":false},"excerpt":{"rendered":"<p>Vamos tomar um caf\u00e9 e descobrir o que podemos construir juntos! Galeria Calif\u00f3rniaRua Bar\u00e3o de Itapetininga, 255Sala 803 \u2013&nbsp;Rep\u00fablicaS\u00e3o Paulo \u2013 SPCEP 01042-917<\/p>","protected":false},"author":1,"featured_media":0,"parent":0,"menu_order":0,"comment_status":"closed","ping_status":"closed","template":"page_noFooter.php","meta":{"_acf_changed":false,"footnotes":""},"class_list":["post-9","page","type-page","status-publish","hentry"],"acf":[],"_links":{"self":[{"href":"https:\/\/estudiodao.com\/en\/wp-json\/wp\/v2\/pages\/9","targetHints":{"allow":["GET"]}}],"collection":[{"href":"https:\/\/estudiodao.com\/en\/wp-json\/wp\/v2\/pages"}],"about":[{"href":"https:\/\/estudiodao.com\/en\/wp-json\/wp\/v2\/types\/page"}],"author":[{"embeddable":true,"href":"https:\/\/estudiodao.com\/en\/wp-json\/wp\/v2\/users\/1"}],"replies":[{"embeddable":true,"href":"https:\/\/estudiodao.com\/en\/wp-json\/wp\/v2\/comments?post=9"}],"version-history":[{"count":28,"href":"https:\/\/estudiodao.com\/en\/wp-json\/wp\/v2\/pages\/9\/revisions"}],"predecessor-version":[{"id":2599,"href":"https:\/\/estudiodao.com\/en\/wp-json\/wp\/v2\/pages\/9\/revisions\/2599"}],"wp:attachment":[{"href":"https:\/\/estudiodao.com\/en\/wp-json\/wp\/v2\/media?parent=9"}],"curies":[{"name":"wp","href":"https:\/\/api.w.org\/{rel}","templated":true}]}}